{"id":1213,"date":"2024-03-06T10:48:15","date_gmt":"2024-03-06T09:48:15","guid":{"rendered":"https:\/\/iris.immo\/?page_id=1213"},"modified":"2024-03-18T12:16:19","modified_gmt":"2024-03-18T11:16:19","slug":"mentions-legales","status":"publish","type":"page","link":"https:\/\/iris.immo\/index.php\/mentions-legales\/","title":{"rendered":"Mentions l\u00e9gales et CGU"},"content":{"rendered":"\t\t<div data-elementor-type=\"wp-page\" data-elementor-id=\"1213\" class=\"elementor elementor-1213\" data-elementor-post-type=\"page\">\n\t\t\t\t\t\t<section class=\"elementor-section elementor-top-section elementor-element elementor-element-ec5cd53 elementor-section-boxed elementor-section-height-default elementor-section-height-default\" data-id=\"ec5cd53\" data-element_type=\"section\">\n\t\t\t\t\t\t<div class=\"elementor-container elementor-column-gap-default\">\n\t\t\t\t\t<div class=\"elementor-column elementor-col-100 elementor-top-column elementor-element elementor-element-0b1daf1\" data-id=\"0b1daf1\" data-element_type=\"column\">\n\t\t\t<div class=\"elementor-widget-wrap elementor-element-populated\">\n\t\t\t\t\t\t<div class=\"elementor-element elementor-element-f3ba0fb elementor-widget elementor-widget-heading\" data-id=\"f3ba0fb\" data-element_type=\"widget\" data-widget_type=\"heading.default\">\n\t\t\t\t<div class=\"elementor-widget-container\">\n\t\t\t\t\t<h2 class=\"elementor-heading-title elementor-size-default\">Mentions l\u00e9gales<\/h2>\t\t\t\t<\/div>\n\t\t\t\t<\/div>\n\t\t\t\t\t<\/div>\n\t\t<\/div>\n\t\t\t\t\t<\/div>\n\t\t<\/section>\n\t\t\t\t<section class=\"elementor-section elementor-top-section elementor-element elementor-element-71309dc6 elementor-section-boxed elementor-section-height-default elementor-section-height-default\" data-id=\"71309dc6\" data-element_type=\"section\">\n\t\t\t\t\t\t<div class=\"elementor-container elementor-column-gap-default\">\n\t\t\t\t\t<div class=\"elementor-column elementor-col-100 elementor-top-column elementor-element elementor-element-27b00c92\" data-id=\"27b00c92\" data-element_type=\"column\">\n\t\t\t<div class=\"elementor-widget-wrap elementor-element-populated\">\n\t\t\t\t\t\t<div class=\"elementor-element elementor-element-14be59aa elementor-widget elementor-widget-text-editor\" data-id=\"14be59aa\" data-element_type=\"widget\" data-widget_type=\"text-editor.default\">\n\t\t\t\t<div class=\"elementor-widget-container\">\n\t\t\t\t\t\t\t\t\t<p><\/p>\n<p><br \/>Le pr\u00e9sent site est la propri\u00e9t\u00e9 de la SAS IRIS- Immobilier Responsable Innovant et Situ\u00e9- si\u00e8ge social : 951 076 488 RCS Marseille- 20 boulevard Jourdan Barry -13008 Marseille.<\/p>\n<p>La SCCV PETIT BOSQUET, filiale d&rsquo;IRIS, RCS Marseille n\u00b0953 102 696. IRIS est titulaire de la carte professionnelle \u00ab Transactions sur immeubles et fonds de commerces \u00bb sans engagement de recevoir des fonds, d\u00e9livr\u00e9e le 1\/10\/2023 par la CCI Marseille sous le n\u00b0 CPI 13102023000000159<\/p>\n<p><\/p>\n<p>Num\u00e9ro de t\u00e9l\u00e9phone : +33 7 87 04 14 72<\/p>\n<p>\u00a0<\/p>\n<p><strong>Directeur de la publication : <\/strong>Mireille Vernerey, Pr\u00e9sidente<\/p>\n<p>\u00a0<\/p>\n<p><strong>H\u00e9bergement :\u00a0<a href=\"https:\/\/www.ovhcloud.com\/fr\/\" target=\"_blank\" rel=\"noopener\">OVH<\/a><\/strong> , 2 rue Kellermann, 59100 Roubaix.<\/p>\n<p>\u00a0<\/p>\n<p>Le site ainsi que tous les \u00e9l\u00e9ments qui le composent, tant sa structure g\u00e9n\u00e9rale que son contenu (textes, slogans, graphiques, images, vid\u00e9os, photos et autres contenus), appartiennent \u00e0 IRIS. Toute repr\u00e9sentation, reproduction, modification, d\u00e9naturation et\/ou exploitation totale ou partielle du Service ou de son contenu prohib\u00e9 et constitue des actes de contrefa\u00e7on.<\/p>\n<p>\u00a0<\/p>\n<p>Les logements propos\u00e9s dans les projets d&rsquo;IRIS sont commercialis\u00e9s sous forme de vente en l&rsquo;\u00e9tat futur d&rsquo;ach\u00e8vement. L&rsquo;acqu\u00e9reur dispose d&rsquo;un droit de r\u00e9tractation selon l&rsquo;article L 271-1 du Code de la construction et de l&rsquo;habitat. Les dates d&rsquo;avancement travaux et de livraisons sont pr\u00e9visionnelles et peuvent \u00eatre retard\u00e9es en raison de la survenance d&rsquo;un cas de force majeure ou d&rsquo;une cause l\u00e9gitime de suspension du d\u00e9lai de livraison.<\/p>\n<div>\u00a0<\/div>\t\t\t\t\t\t\t\t<\/div>\n\t\t\t\t<\/div>\n\t\t\t\t\t<\/div>\n\t\t<\/div>\n\t\t\t\t\t<\/div>\n\t\t<\/section>\n\t\t\t\t<section class=\"elementor-section elementor-top-section elementor-element elementor-element-0263d1b elementor-section-boxed elementor-section-height-default elementor-section-height-default\" data-id=\"0263d1b\" data-element_type=\"section\">\n\t\t\t\t\t\t<div class=\"elementor-container elementor-column-gap-default\">\n\t\t\t\t\t<div class=\"elementor-column elementor-col-50 elementor-top-column elementor-element elementor-element-f1ad1c6\" data-id=\"f1ad1c6\" data-element_type=\"column\">\n\t\t\t<div class=\"elementor-widget-wrap elementor-element-populated\">\n\t\t\t\t\t\t<div class=\"elementor-element elementor-element-62173bd elementor-cta--skin-cover elementor-animated-content elementor-bg-transform elementor-bg-transform-zoom-in elementor-widget elementor-widget-call-to-action\" data-id=\"62173bd\" data-element_type=\"widget\" data-widget_type=\"call-to-action.default\">\n\t\t\t\t<div class=\"elementor-widget-container\">\n\t\t\t\t\t\t\t<div class=\"elementor-cta\">\n\t\t\t\t\t<div class=\"elementor-cta__bg-wrapper\">\n\t\t\t\t<div class=\"elementor-cta__bg elementor-bg\" style=\"background-image: url(https:\/\/iris.immo\/wp-content\/uploads\/2024\/03\/scott-graham-OQMZwNd3ThU-unsplash_1.jpg);\" role=\"img\" aria-label=\"Conditions g\u00e9n\u00e9rales\"><\/div>\n\t\t\t\t<div class=\"elementor-cta__bg-overlay\"><\/div>\n\t\t\t<\/div>\n\t\t\t\t\t\t\t<div class=\"elementor-cta__content\">\n\t\t\t\t\n\t\t\t\t\t\t\t\t\t<h2 class=\"elementor-cta__title elementor-cta__content-item elementor-content-item elementor-animated-item--grow\">\n\t\t\t\t\t\tConditions g\u00e9n\u00e9rales d'utilisation\t\t\t\t\t<\/h2>\n\t\t\t\t\n\t\t\t\t\n\t\t\t\t\t\t\t\t\t<div class=\"elementor-cta__button-wrapper elementor-cta__content-item elementor-content-item elementor-animated-item--grow\">\n\t\t\t\t\t<a class=\"elementor-cta__button elementor-button elementor-size-\" href=\"https:\/\/iris.immo\/index.php\/conditions-generales-dutilisation\/\">\n\t\t\t\t\t\tEn savoir plus\t\t\t\t\t<\/a>\n\t\t\t\t\t<\/div>\n\t\t\t\t\t\t\t<\/div>\n\t\t\t\t\t\t<\/div>\n\t\t\t\t\t\t<\/div>\n\t\t\t\t<\/div>\n\t\t\t\t\t<\/div>\n\t\t<\/div>\n\t\t\t\t<div class=\"elementor-column elementor-col-50 elementor-top-column elementor-element elementor-element-4efb383\" data-id=\"4efb383\" data-element_type=\"column\">\n\t\t\t<div class=\"elementor-widget-wrap elementor-element-populated\">\n\t\t\t\t\t\t<div class=\"elementor-element elementor-element-4925a6f elementor-cta--skin-cover elementor-animated-content elementor-bg-transform elementor-bg-transform-zoom-in elementor-widget elementor-widget-call-to-action\" data-id=\"4925a6f\" data-element_type=\"widget\" data-widget_type=\"call-to-action.default\">\n\t\t\t\t<div class=\"elementor-widget-container\">\n\t\t\t\t\t\t\t<div class=\"elementor-cta\">\n\t\t\t\t\t<div class=\"elementor-cta__bg-wrapper\">\n\t\t\t\t<div class=\"elementor-cta__bg elementor-bg\" style=\"background-image: url(https:\/\/iris.immo\/wp-content\/uploads\/2024\/03\/13102-femme-tablette.png);\" role=\"img\" aria-label=\"13102-femme-tablette\"><\/div>\n\t\t\t\t<div class=\"elementor-cta__bg-overlay\"><\/div>\n\t\t\t<\/div>\n\t\t\t\t\t\t\t<div class=\"elementor-cta__content\">\n\t\t\t\t\n\t\t\t\t\t\t\t\t\t<h2 class=\"elementor-cta__title elementor-cta__content-item elementor-content-item elementor-animated-item--grow\">\n\t\t\t\t\t\tPolitique de protection des donn\u00e9es et gestion de l'utilisation des cookies\t\t\t\t\t<\/h2>\n\t\t\t\t\n\t\t\t\t\n\t\t\t\t\t\t\t\t\t<div class=\"elementor-cta__button-wrapper elementor-cta__content-item elementor-content-item elementor-animated-item--grow\">\n\t\t\t\t\t<a class=\"elementor-cta__button elementor-button elementor-size-\" href=\"https:\/\/iris.immo\/index.php\/politique-de-protection-des-donnees-et-gestion-de-lutilisation-des-cookies\/\">\n\t\t\t\t\t\tEn savoir plus\t\t\t\t\t<\/a>\n\t\t\t\t\t<\/div>\n\t\t\t\t\t\t\t<\/div>\n\t\t\t\t\t\t<\/div>\n\t\t\t\t\t\t<\/div>\n\t\t\t\t<\/div>\n\t\t\t\t\t<\/div>\n\t\t<\/div>\n\t\t\t\t\t<\/div>\n\t\t<\/section>\n\t\t\t\t<\/div>\n\t\t","protected":false},"excerpt":{"rendered":"<p>Mentions l\u00e9gales Le pr\u00e9sent site est la propri\u00e9t\u00e9 de la SAS IRIS- Immobilier Responsable Innovant et Situ\u00e9- si\u00e8ge social : 951 076 488 RCS Marseille- 20 boulevard Jourdan Barry -13008 Marseille. La SCCV PETIT BOSQUET, filiale d&rsquo;IRIS, RCS Marseille n\u00b0953 102 696. IRIS est titulaire de la carte professionnelle \u00ab Transactions sur immeubles et fonds [&hellip;]<\/p>\n","protected":false},"author":1,"featured_media":0,"parent":0,"menu_order":0,"comment_status":"closed","ping_status":"closed","template":"","meta":{"footnotes":""},"class_list":["post-1213","page","type-page","status-publish","hentry"],"_links":{"self":[{"href":"https:\/\/iris.immo\/index.php\/wp-json\/wp\/v2\/pages\/1213","targetHints":{"allow":["GET"]}}],"collection":[{"href":"https:\/\/iris.immo\/index.php\/wp-json\/wp\/v2\/pages"}],"about":[{"href":"https:\/\/iris.immo\/index.php\/wp-json\/wp\/v2\/types\/page"}],"author":[{"embeddable":true,"href":"https:\/\/iris.immo\/index.php\/wp-json\/wp\/v2\/users\/1"}],"replies":[{"embeddable":true,"href":"https:\/\/iris.immo\/index.php\/wp-json\/wp\/v2\/comments?post=1213"}],"version-history":[{"count":27,"href":"https:\/\/iris.immo\/index.php\/wp-json\/wp\/v2\/pages\/1213\/revisions"}],"predecessor-version":[{"id":1333,"href":"https:\/\/iris.immo\/index.php\/wp-json\/wp\/v2\/pages\/1213\/revisions\/1333"}],"wp:attachment":[{"href":"https:\/\/iris.immo\/index.php\/wp-json\/wp\/v2\/media?parent=1213"}],"curies":[{"name":"wp","href":"https:\/\/api.w.org\/{rel}","templated":true}]}}