{"id":1283,"date":"2024-03-13T09:10:07","date_gmt":"2024-03-13T08:10:07","guid":{"rendered":"https:\/\/iris.immo\/?page_id=1283"},"modified":"2024-03-14T18:20:43","modified_gmt":"2024-03-14T17:20:43","slug":"politique-de-protection-des-donnees-et-gestion-de-lutilisation-des-cookies","status":"publish","type":"page","link":"https:\/\/iris.immo\/index.php\/politique-de-protection-des-donnees-et-gestion-de-lutilisation-des-cookies\/","title":{"rendered":"Politique de protection des donn\u00e9es et gestion de l&rsquo;utilisation des cookies"},"content":{"rendered":"\t\t<div data-elementor-type=\"wp-page\" data-elementor-id=\"1283\" class=\"elementor elementor-1283\" data-elementor-post-type=\"page\">\n\t\t\t\t\t\t<section class=\"elementor-section elementor-top-section elementor-element elementor-element-75bff27 elementor-section-boxed elementor-section-height-default elementor-section-height-default\" data-id=\"75bff27\" data-element_type=\"section\">\n\t\t\t\t\t\t<div class=\"elementor-container elementor-column-gap-default\">\n\t\t\t\t\t<div class=\"elementor-column elementor-col-100 elementor-top-column elementor-element elementor-element-6888df4\" data-id=\"6888df4\" data-element_type=\"column\">\n\t\t\t<div class=\"elementor-widget-wrap elementor-element-populated\">\n\t\t\t\t\t\t<div class=\"elementor-element elementor-element-b128978 elementor-widget elementor-widget-heading\" data-id=\"b128978\" data-element_type=\"widget\" data-widget_type=\"heading.default\">\n\t\t\t\t<div class=\"elementor-widget-container\">\n\t\t\t\t\t<h2 class=\"elementor-heading-title elementor-size-default\">Politique de protection des donn\u00e9es et gestion de l'utilisation des cookies<\/h2>\t\t\t\t<\/div>\n\t\t\t\t<\/div>\n\t\t\t\t<div class=\"elementor-element elementor-element-f526e7c elementor-widget elementor-widget-text-editor\" data-id=\"f526e7c\" data-element_type=\"widget\" data-widget_type=\"text-editor.default\">\n\t\t\t\t<div class=\"elementor-widget-container\">\n\t\t\t\t\t\t\t\t\t<p><strong>1. Dispositions g\u00e9n\u00e9rales<\/strong><\/p><p>Les dispositions qui suivent concernent tous les traitements de donn\u00e9es \u00e0 caract\u00e8re personnel effectu\u00e9s par IRIS, sauf mention contraire dans les dispositions sp\u00e9cifiques.<br \/>Le pr\u00e9sent document a pour objet de vous informer de la mani\u00e8re dont IRIS exploite et prot\u00e8ge les donn\u00e9es \u00e0 caract\u00e8re personnel, ainsi que des raisons pour lesquelles elle traite ces donn\u00e9es.<\/p><p>\u00a0<\/p><p><strong>2. Cadre juridique<\/strong><\/p><p>L\u2019ensemble des traitements de donn\u00e9es \u00e0 caract\u00e8re personnel mis en \u0153uvre dans le cadre de la diffusion des produits propos\u00e9s par IRIS respecte la r\u00e9glementation applicable en mati\u00e8re de protection des donn\u00e9es \u00e0 caract\u00e8re personnel.<\/p><p>Dans l\u2019exercice de ses activit\u00e9s, IRIS est amen\u00e9e \u00e0 traiter des donn\u00e9es \u00e0 caract\u00e8re personnel. Ces donn\u00e9es sont celles de ses clients, partenaires, fournisseurs et toute autre organisation en relation avec IRIS. Ces traitements sont r\u00e9alis\u00e9s conform\u00e9ment \u00e0 la l\u00e9gislation en vigueur et notamment les dispositions de :<br \/>\u2022 La Loi n\u00b078-17 du 6 janvier 1978, modifi\u00e9e, relative \u00e0 l\u2019informatique, aux fichiers et aux libert\u00e9s,<br \/>\u2022 La Charte des droits fondamentaux de l\u2019Union Europ\u00e9enne en particulier le chapitre 2,<br \/>\u2022 La Convention 108 de l\u2019UE, relative \u00e0 la protection des personnes \u00e0 l\u2019\u00e9gard du traitement automatis\u00e9 des donn\u00e9es \u00e0 caract\u00e8re personnel et son protocole additionnel,<br \/>\u2022 R\u00e8glement G\u00e9n\u00e9ral sur la Protection des Donn\u00e9es (R\u00e8glement UE2016\/679 du 27 avril 2016) relatif \u00e0 la protection des personnes physiques \u00e0 l\u2019\u00e9gard du traitement des donn\u00e9es \u00e0 caract\u00e8re personnel et \u00e0 la libre circulation de ces donn\u00e9es, d\u00e9sign\u00e9 par \u00ab RGPD \u00bb<\/p><p>\u00a0<\/p><p><strong>3. Engagement de conformit\u00e9<\/strong><\/p><p>IRIS s\u2019engage \u00e0 garantir un niveau de protection \u00e9lev\u00e9 des donn\u00e9es \u00e0 caract\u00e8re personnel de toute personne dont elle traite les donn\u00e9es. IRIS s\u2019engage notamment \u00e0 respecter les principes suivants :<br \/>\u2022 les donn\u00e9es \u00e0 caract\u00e8re personnel sont trait\u00e9es de mani\u00e8re licite, loyale et transparente ;<br \/>\u2022 les donn\u00e9es \u00e0 caract\u00e8re personnel sont collect\u00e9es pour des finalit\u00e9s d\u00e9termin\u00e9es, explicites et l\u00e9gitimes, et ne sont pas trait\u00e9es ult\u00e9rieurement d\u2019une mani\u00e8re incompatible avec les finalit\u00e9s initiales ;<br \/>\u2022 les donn\u00e9es \u00e0 caract\u00e8re personnel\u00a0sont conserv\u00e9es de mani\u00e8re ad\u00e9quate, pertinente et sont limit\u00e9es \u00e0 ce qui est n\u00e9cessaire au regard des finalit\u00e9s pour lesquelles elles sont trait\u00e9es<br \/>\u2022 les donn\u00e9es \u00e0 caract\u00e8re personnel\u00a0sont exactes, tenues \u00e0 jour et toutes les mesures raisonnables sont prises pour que les donn\u00e9es inexactes, eu \u00e9gard aux finalit\u00e9s pour lesquelles elles sont trait\u00e9es, soient effac\u00e9es ou rectifi\u00e9es sans tarder<br \/>IRIS met en \u0153uvre des mesures appropri\u00e9es afin de :<br \/>\u2022 r\u00e9pondre dans les meilleurs d\u00e9lais et les meilleures conditions, aux personnes concern\u00e9es qui veulent exercer leurs droits ;<br \/>\u2022 garantir un niveau de s\u00e9curit\u00e9 adapt\u00e9 aux risques inh\u00e9rents \u00e0 ses op\u00e9rations de traitements ;<br \/>\u2022 r\u00e9pondre aux exigences r\u00e8glementaires et prot\u00e9ger les droits des personnes concern\u00e9es ;<br \/>Enfin, IRIS s\u2019engage \u00e0 respecter tout autre principe s\u2019imposant au regard de la r\u00e8glementation applicable en mati\u00e8re de protection des donn\u00e9es \u00e0 caract\u00e8re personnel, et plus pr\u00e9cis\u00e9ment concernant les droits conf\u00e9r\u00e9s aux personnes concern\u00e9es, les dur\u00e9es de conservation des donn\u00e9es personnelles ainsi que les obligations relatives aux transferts transfrontaliers de donn\u00e9es personnelles.<\/p><p>\u00a0<\/p><p><strong>4. Finalit\u00e9 et nature des donn\u00e9es collect\u00e9es<\/strong><\/p><p>IRIS, en sa qualit\u00e9 de responsable du traitement, met en \u0153uvre des traitements de donn\u00e9es \u00e0 caract\u00e8re personnel pour la gestion de ses relations avec ses clients et prospects. Ces traitements sont rendus n\u00e9cessaires pour l\u2019utilisation et la gestion des diff\u00e9rents formulaires de renseignements et sont fond\u00e9s sur la base de votre consentement pr\u00e9alable.<br \/>Les donn\u00e9es collect\u00e9es sont destin\u00e9es \u00e0 IRIS, et, le cas \u00e9ch\u00e9ant, \u00e0 ses sous-traitants et prestataires. Les sous-traitants et prestataires en question sont soumis \u00e0 une obligation de confidentialit\u00e9 et ne peuvent utiliser vos donn\u00e9es qu\u2019en conformit\u00e9 avec nos dispositions contractuelles et la l\u00e9gislation applicable.<\/p><p>Le terme \u00ab Donn\u00e9es Personnelles \u00bb d\u00e9signe l\u2019ensemble des informations nominatives ou non permettant d\u2019identifier directement ou indirectement l\u2019Utilisateur.<br \/>Il peut s\u2019agir : <br \/>\u2013 de celles qu\u2019IRIS a pu recueillir \u00e0 l\u2019occasion de sa navigation sur le site Internet d\u2019IRIS <a href=\"http:\/\/www.iris.immo\/\">(www.iris.immo<\/a>)<\/p><p>Le terme \u00ab traitement \u00bb d\u00e9signe toute op\u00e9ration ou tout ensemble d\u2019op\u00e9rations effectu\u00e9s ou non \u00e0 l\u2019aide de proc\u00e9d\u00e9s automatis\u00e9s et appliqu\u00e9s \u00e0 des donn\u00e9es ou des ensembles de donn\u00e9es \u00e0 caract\u00e8re personnel.<\/p><p>\u00a0<\/p><p><strong>5. Dur\u00e9e de conservation \u2013 Exercice des droits<\/strong><\/p><p>Les donn\u00e9es personnelles sont susceptibles d\u2019\u00eatre conserv\u00e9es pendant une dur\u00e9e ne pouvant exc\u00e9der 3 ans \u00e0 compter du dernier contact de votre part.<\/p><p>Vous avez la possibilit\u00e9 d\u2019exercer vos droits pour acc\u00e9der, rectifier, effacer vos donn\u00e9es, limiter leurs traitements, vous y opposer et demander la portabilit\u00e9 de celles-ci. Vous pouvez \u00e9galement d\u00e9finir des directives relatives \u00e0 la conservation, \u00e0 l\u2019effacement et \u00e0 la communication de vos donn\u00e9es \u00e0 caract\u00e8re personnel apr\u00e8s votre d\u00e9c\u00e8s.<\/p><p>Ces droits s\u2019exercent par courrier postal \u00e0 l\u2019attention de Mireille VERNEREY, IRIS, 20 boulevard Mireille Jourdan Barry, 13008 Marseille.<\/p><p>Vous pouvez \u00e9galement adresser une r\u00e9clamation aupr\u00e8s de la Commission Nationale de l\u2019Informatique et des Libert\u00e9s \u2013 3 place de Fontenoy \u2013 TSA 80715 \u2013 75334 PARIS Cedex 07.<\/p><p>Par ailleurs, si vos coordonn\u00e9es t\u00e9l\u00e9phoniques ont \u00e9t\u00e9 recueillies par le responsable du traitement, vous pouvez vous inscrire sur la liste d\u2019opposition au d\u00e9marchage t\u00e9l\u00e9phonique pr\u00e9vue en faveur des consommateurs par l\u2019article L. 223-1 du code de la consommation.<\/p><p>\u00a0<\/p><p><strong>6.Utilisation des cookies<\/strong><\/p><p>Le Site peut utiliser des cookies. Ce sont des traceurs int\u00e9gr\u00e9s aux sites internet afin d\u2019obtenir des informations sur la navigation des utilisateurs. L\u2019utilisation de ces cookies par les sites internet peut ainsi notamment permettre de faciliter la navigation de l\u2019utilisateur, de proposer un contenu adapt\u00e9 \u00e0 ses habitudes de navigation ou encore d\u2019effectuer des statistiques de visites.\u00a0\u00a0<\/p><p>Le Site utilise les cookies suivants : Google analytics\u00a0<br \/>Conform\u00e9ment aux exigences l\u00e9gales,\u00a0<a>les informations collect\u00e9es par les cookies ne sont conserv\u00e9s que 13 mois.\u00a0<\/a><br \/>L\u2019utilisateur peut param\u00e9trer son navigateur afin de s\u2019opposer \u00e0 l\u2019utilisation de certains cookies. Chaque navigateur dispose d\u2019une fonction de param\u00e9trage des cookies. A titre indicatif, des aides au param\u00e9trage sont pr\u00e9sent\u00e9es sur les liens suivants\u00a0:\u00a0<a href=\"https:\/\/support.microsoft.com\/fr-fr\/help\/17442\/windows-internet-explorer-delete-manage-cookies\">Windows Internet Explorer Windows 10Windows 8.1 Windows 7<\/a>,\u00a0<a href=\"https:\/\/support.google.com\/chrome\/answer\/95647?hl=fr&amp;hlrm=en\">Chrome<\/a>,\u00a0<a href=\"https:\/\/support.mozilla.org\/fr\/kb\/activer-desactiver-cookies-preferences?redirectlocale=fr&amp;redirectslug=Activer+et+d%C3%A9sactiver+les+cookies\">Firefox<\/a>,\u00a0<a href=\"https:\/\/support.apple.com\/kb\/ph19214?locale=fr_FR\">Safari 8<\/a>. Le site de la CNIL fourni \u00e9galement des indications permettant de configurer l\u2019apparition des cookies sur le navigateur\u00a0:\u00a0<strong><u><a href=\"https:\/\/www.cnil.fr\/node\/337\">https:\/\/www.cnil.fr\/node\/337<\/a><\/u><\/strong>.\u00a0<br \/>Enfin, l\u2019utilisateur peut refuser l\u2019utilisation sur son navigateur de cookies de mesure d\u2019audience \u00ab\u00a0Google analytics\u00a0\u00bb en t\u00e9l\u00e9chargeant le module compl\u00e9mentaire accessible sur le lien suivant\u00a0:<strong><u><a href=\"https:\/\/tools.google.com\/dlpage\/gaoptout?hl=fr\">https:\/\/tools.google.com\/dlpage\/gaoptout?hl=fr<\/a><\/u><\/strong>.<\/p><p>Il convient toutefois de noter que le refus d\u2019utilisation par le Site de certains cookies peut alt\u00e9rer certaines de ses fonctionnalit\u00e9s.<\/p><p>Cette charte fait partie int\u00e9grante des conditions g\u00e9n\u00e9rales d&rsquo;utilisation du Site iris.immo<\/p>\t\t\t\t\t\t\t\t<\/div>\n\t\t\t\t<\/div>\n\t\t\t\t\t<\/div>\n\t\t<\/div>\n\t\t\t\t\t<\/div>\n\t\t<\/section>\n\t\t\t\t<\/div>\n\t\t","protected":false},"excerpt":{"rendered":"<p>Politique de protection des donn\u00e9es et gestion de l&rsquo;utilisation des cookies 1. Dispositions g\u00e9n\u00e9rales Les dispositions qui suivent concernent tous les traitements de donn\u00e9es \u00e0 caract\u00e8re personnel effectu\u00e9s par IRIS, sauf mention contraire dans les dispositions sp\u00e9cifiques.Le pr\u00e9sent document a pour objet de vous informer de la mani\u00e8re dont IRIS exploite et prot\u00e8ge les donn\u00e9es [&hellip;]<\/p>\n","protected":false},"author":1,"featured_media":0,"parent":0,"menu_order":0,"comment_status":"closed","ping_status":"closed","template":"","meta":{"footnotes":""},"class_list":["post-1283","page","type-page","status-publish","hentry"],"_links":{"self":[{"href":"https:\/\/iris.immo\/index.php\/wp-json\/wp\/v2\/pages\/1283","targetHints":{"allow":["GET"]}}],"collection":[{"href":"https:\/\/iris.immo\/index.php\/wp-json\/wp\/v2\/pages"}],"about":[{"href":"https:\/\/iris.immo\/index.php\/wp-json\/wp\/v2\/types\/page"}],"author":[{"embeddable":true,"href":"https:\/\/iris.immo\/index.php\/wp-json\/wp\/v2\/users\/1"}],"replies":[{"embeddable":true,"href":"https:\/\/iris.immo\/index.php\/wp-json\/wp\/v2\/comments?post=1283"}],"version-history":[{"count":12,"href":"https:\/\/iris.immo\/index.php\/wp-json\/wp\/v2\/pages\/1283\/revisions"}],"predecessor-version":[{"id":1317,"href":"https:\/\/iris.immo\/index.php\/wp-json\/wp\/v2\/pages\/1283\/revisions\/1317"}],"wp:attachment":[{"href":"https:\/\/iris.immo\/index.php\/wp-json\/wp\/v2\/media?parent=1283"}],"curies":[{"name":"wp","href":"https:\/\/api.w.org\/{rel}","templated":true}]}}